{"id":243,"date":"2021-10-09T15:01:13","date_gmt":"2021-10-09T15:01:13","guid":{"rendered":"https:\/\/somo.winningdesign.at\/?page_id=118"},"modified":"2026-05-06T10:42:24","modified_gmt":"2026-05-06T08:42:24","slug":"agb","status":"publish","type":"page","link":"https:\/\/staging.somo-naturwaren.com\/en\/agb\/","title":{"rendered":"Terms and conditions"},"content":{"rendered":"<style>.kb-row-layout-id243_54a9e3-4d > .kt-row-column-wrap{align-content:center;}:where(.kb-row-layout-id243_54a9e3-4d > .kt-row-column-wrap) > .wp-block-kadence-column{justify-content:center;}.kb-row-layout-id243_54a9e3-4d > .kt-row-column-wrap{column-gap:var(--global-kb-gap-lg, 4rem);row-gap:var(--global-kb-gap-md, 2rem);max-width:var( --global-content-width, 1290px );padding-left:var(--global-content-edge-padding);padding-right:var(--global-content-edge-padding);padding-top:var(--global-kb-spacing-3xl, 6.5rem);padding-bottom:var(--global-kb-spacing-xl, 4rem);grid-template-columns:minmax(0, 1fr);}.kb-row-layout-id243_54a9e3-4d{background-image:url('https:\/\/staging.somo-naturwaren.com\/wp-content\/uploads\/2025\/12\/somo-hintergrund-blume-scaled.jpg');background-size:cover;background-position:center center;background-attachment:scroll;background-repeat:no-repeat;}.kb-row-layout-id243_54a9e3-4d > .kt-row-layout-overlay{opacity:0.80;background:radial-gradient(ellipse at center top,var(--global-palette7) 0%,var(--global-palette1) 82%);mix-blend-mode:normal;}.kb-row-layout-id243_54a9e3-4d .kt-row-layout-bottom-sep{height:100px;}.kb-row-layout-id243_54a9e3-4d .kt-row-layout-bottom-sep svg{width:100%;}.kb-row-layout-id243_54a9e3-4d .kt-row-layout-bottom-sep svg{fill:#ffffff!important;}@media all and (max-width: 1024px){.kb-row-layout-id243_54a9e3-4d > .kt-row-column-wrap{grid-template-columns:minmax(0, 1fr);}}@media all and (max-width: 1024px){.kb-row-layout-id243_54a9e3-4d .kt-row-layout-bottom-sep{height:80px;}}@media all and (max-width: 1024px){.kb-row-layout-id243_54a9e3-4d .kt-row-layout-bottom-sep svg{width:%;}}@media all and (max-width: 767px){.kb-row-layout-id243_54a9e3-4d > .kt-row-column-wrap{padding-top:var(--global-kb-spacing-3xl, 6.5rem);padding-bottom:var(--global-kb-spacing-3xl, 6.5rem);grid-template-columns:minmax(0, 1fr);}.kb-row-layout-id243_54a9e3-4d .kt-row-layout-bottom-sep{height:60px;}.kb-row-layout-id243_54a9e3-4d .kt-row-layout-bottom-sep svg{width:%;}}<\/style><div class=\"kb-row-layout-wrap kb-row-layout-id243_54a9e3-4d alignfull has-theme-palette8-background-color kt-row-has-bg wp-block-kadence-rowlayout\"><div class=\"kt-row-layout-overlay kt-row-overlay-gradient\"><\/div><div class=\"kt-row-column-wrap kt-has-1-columns kt-row-layout-equal kt-tab-layout-inherit kt-mobile-layout-row kt-row-valign-middle kb-theme-content-width\">\n<style>.kadence-column243_8998cd-ea > .kt-inside-inner-col,.kadence-column243_8998cd-ea > .kt-inside-inner-col:before{border-top-left-radius:0px;border-top-right-radius:0px;border-bottom-right-radius:0px;border-bottom-left-radius:0px;}.kadence-column243_8998cd-ea > .kt-inside-inner-col{column-gap:var(--global-kb-gap-sm, 1rem);}.kadence-column243_8998cd-ea > .kt-inside-inner-col{flex-direction:column;}.kadence-column243_8998cd-ea > .kt-inside-inner-col > .aligncenter{width:100%;}.kadence-column243_8998cd-ea > .kt-inside-inner-col:before{opacity:0.3;}.kadence-column243_8998cd-ea{position:relative;}@media all and (max-width: 1024px){.kadence-column243_8998cd-ea > .kt-inside-inner-col{flex-direction:column;justify-content:center;}}@media all and (max-width: 767px){.kadence-column243_8998cd-ea > .kt-inside-inner-col{flex-direction:column;justify-content:center;}}<\/style>\n<div class=\"wp-block-kadence-column kadence-column243_8998cd-ea inner-column-1\"><div class=\"kt-inside-inner-col\"><style>.wp-block-kadence-advancedheading.kt-adv-heading243_4bc50b-67, .wp-block-kadence-advancedheading.kt-adv-heading243_4bc50b-67[data-kb-block=\"kb-adv-heading243_4bc50b-67\"]{margin-top:0px;margin-bottom:var(--global-kb-spacing-sm, 1.5rem);text-align:center;font-size:var(--global-kb-font-size-lg, 2rem);line-height:1;font-style:normal;}.wp-block-kadence-advancedheading.kt-adv-heading243_4bc50b-67 mark.kt-highlight, .wp-block-kadence-advancedheading.kt-adv-heading243_4bc50b-67[data-kb-block=\"kb-adv-heading243_4bc50b-67\"] mark.kt-highlight{font-style:normal;color:#f76a0c;-webkit-box-decoration-break:clone;box-decoration-break:clone;padding-top:0px;padding-right:0px;padding-bottom:0px;padding-left:0px;}.wp-block-kadence-advancedheading.kt-adv-heading243_4bc50b-67 img.kb-inline-image, .wp-block-kadence-advancedheading.kt-adv-heading243_4bc50b-67[data-kb-block=\"kb-adv-heading243_4bc50b-67\"] img.kb-inline-image{width:150px;vertical-align:baseline;}@media all and (max-width: 1024px){.wp-block-kadence-advancedheading.kt-adv-heading243_4bc50b-67, .wp-block-kadence-advancedheading.kt-adv-heading243_4bc50b-67[data-kb-block=\"kb-adv-heading243_4bc50b-67\"]{font-size:80px;}}@media all and (max-width: 767px){.wp-block-kadence-advancedheading.kt-adv-heading243_4bc50b-67, .wp-block-kadence-advancedheading.kt-adv-heading243_4bc50b-67[data-kb-block=\"kb-adv-heading243_4bc50b-67\"]{font-size:40px;line-height:1.2;}}<\/style>\n<h1 class=\"kt-adv-heading243_4bc50b-67 wp-block-kadence-advancedheading has-theme-palette-9-color has-text-color\" data-kb-block=\"kb-adv-heading243_4bc50b-67\">Allgemeine Gesch\u00e4ftsbedingungen<\/h1>\n\n\n<style>.wp-block-kadence-advancedheading.kt-adv-heading243_47d759-b2, .wp-block-kadence-advancedheading.kt-adv-heading243_47d759-b2[data-kb-block=\"kb-adv-heading243_47d759-b2\"]{max-width:550px;margin-right:auto;margin-left:auto;margin-bottom:var(--global-kb-spacing-sm, 1.5rem);text-align:center;font-style:normal;}.wp-block-kadence-advancedheading.kt-adv-heading243_47d759-b2 mark.kt-highlight, .wp-block-kadence-advancedheading.kt-adv-heading243_47d759-b2[data-kb-block=\"kb-adv-heading243_47d759-b2\"] mark.kt-highlight{font-style:normal;color:#f76a0c;-webkit-box-decoration-break:clone;box-decoration-break:clone;padding-top:0px;padding-right:0px;padding-bottom:0px;padding-left:0px;}.wp-block-kadence-advancedheading.kt-adv-heading243_47d759-b2 img.kb-inline-image, .wp-block-kadence-advancedheading.kt-adv-heading243_47d759-b2[data-kb-block=\"kb-adv-heading243_47d759-b2\"] img.kb-inline-image{width:150px;vertical-align:baseline;}<\/style>\n<p class=\"kt-adv-heading243_47d759-b2 wp-block-kadence-advancedheading has-theme-palette-9-color has-text-color\" data-kb-block=\"kb-adv-heading243_47d759-b2\">Stand: 6. Mai 2027<a href=\"https:\/\/startertemplatecloud.com\/e28\/#\"><\/a><\/p>\n<\/div><\/div>\n\n<\/div><\/div>\n\n<style>.kb-row-layout-id243_5e1837-be > .kt-row-column-wrap{align-content:start;}:where(.kb-row-layout-id243_5e1837-be > .kt-row-column-wrap) > .wp-block-kadence-column{justify-content:start;}.kb-row-layout-id243_5e1837-be > .kt-row-column-wrap{column-gap:var(--global-kb-gap-md, 2rem);row-gap:var(--global-kb-gap-md, 2rem);padding-top:var(--global-kb-spacing-xl, 4rem);padding-bottom:var(--global-kb-spacing-sm, 1.5rem);grid-template-columns:minmax(0, 1fr);}.kb-row-layout-id243_5e1837-be > .kt-row-layout-overlay{opacity:0.30;}@media all and (max-width: 1024px){.kb-row-layout-id243_5e1837-be > .kt-row-column-wrap{grid-template-columns:minmax(0, 1fr);}}@media all and (max-width: 767px){.kb-row-layout-id243_5e1837-be > .kt-row-column-wrap{grid-template-columns:minmax(0, 1fr);}}<\/style><div class=\"kb-row-layout-wrap kb-row-layout-id243_5e1837-be alignnone wp-block-kadence-rowlayout\"><div class=\"kt-row-column-wrap kt-has-1-columns kt-row-layout-equal kt-tab-layout-inherit kt-mobile-layout-row kt-row-valign-top\">\n<style>.kadence-column243_3a7362-70 > .kt-inside-inner-col,.kadence-column243_3a7362-70 > .kt-inside-inner-col:before{border-top-left-radius:0px;border-top-right-radius:0px;border-bottom-right-radius:0px;border-bottom-left-radius:0px;}.kadence-column243_3a7362-70 > .kt-inside-inner-col{column-gap:var(--global-kb-gap-sm, 1rem);}.kadence-column243_3a7362-70 > .kt-inside-inner-col{flex-direction:column;}.kadence-column243_3a7362-70 > .kt-inside-inner-col > .aligncenter{width:100%;}.kadence-column243_3a7362-70 > .kt-inside-inner-col:before{opacity:0.3;}.kadence-column243_3a7362-70{position:relative;}@media all and (max-width: 1024px){.kadence-column243_3a7362-70 > .kt-inside-inner-col{flex-direction:column;justify-content:center;}}@media all and (max-width: 767px){.kadence-column243_3a7362-70 > .kt-inside-inner-col{flex-direction:column;justify-content:center;}}<\/style>\n<div class=\"wp-block-kadence-column kadence-column243_3a7362-70\"><div class=\"kt-inside-inner-col\"><style>.wp-block-kadence-advancedheading.kt-adv-heading243_8c625b-c0, .wp-block-kadence-advancedheading.kt-adv-heading243_8c625b-c0[data-kb-block=\"kb-adv-heading243_8c625b-c0\"]{font-style:normal;}.wp-block-kadence-advancedheading.kt-adv-heading243_8c625b-c0 mark.kt-highlight, .wp-block-kadence-advancedheading.kt-adv-heading243_8c625b-c0[data-kb-block=\"kb-adv-heading243_8c625b-c0\"] mark.kt-highlight{font-style:normal;color:#f76a0c;-webkit-box-decoration-break:clone;box-decoration-break:clone;padding-top:0px;padding-right:0px;padding-bottom:0px;padding-left:0px;}.wp-block-kadence-advancedheading.kt-adv-heading243_8c625b-c0 img.kb-inline-image, .wp-block-kadence-advancedheading.kt-adv-heading243_8c625b-c0[data-kb-block=\"kb-adv-heading243_8c625b-c0\"] img.kb-inline-image{width:150px;vertical-align:baseline;}<\/style>\n<h4 class=\"kt-adv-heading243_8c625b-c0 wp-block-kadence-advancedheading\" data-kb-block=\"kb-adv-heading243_8c625b-c0\"><strong>Lieferinformation<\/strong><\/h4>\n\n\n\n<p>Die Lieferzeit eines Artikels setzt sich zusammen aus: Auslieferungszeit + Versandzeit = Gesamtlieferzeit. Ihre Bestellung bei der Firma SOMO Naturwaren Manufaktur \u2013 Martin Deisenhofer KG (im folgenden Firma SOMO genannt) wird prompt (max. 2 Tage) nach Einlangen der Bestellung mit GLS Paketdienst zur Auslieferung gebracht. Lieferungen f\u00fchrt die Firma SOMO ausschlie\u00dflich auf Grund der nachstehenden Lieferbedingungen durch.<\/p>\n\n\n<style>.wp-block-kadence-advancedheading.kt-adv-heading243_b67c20-b7, .wp-block-kadence-advancedheading.kt-adv-heading243_b67c20-b7[data-kb-block=\"kb-adv-heading243_b67c20-b7\"]{font-style:normal;}.wp-block-kadence-advancedheading.kt-adv-heading243_b67c20-b7 mark.kt-highlight, .wp-block-kadence-advancedheading.kt-adv-heading243_b67c20-b7[data-kb-block=\"kb-adv-heading243_b67c20-b7\"] mark.kt-highlight{font-style:normal;color:#f76a0c;-webkit-box-decoration-break:clone;box-decoration-break:clone;padding-top:0px;padding-right:0px;padding-bottom:0px;padding-left:0px;}.wp-block-kadence-advancedheading.kt-adv-heading243_b67c20-b7 img.kb-inline-image, .wp-block-kadence-advancedheading.kt-adv-heading243_b67c20-b7[data-kb-block=\"kb-adv-heading243_b67c20-b7\"] img.kb-inline-image{width:150px;vertical-align:baseline;}<\/style>\n<h4 class=\"kt-adv-heading243_b67c20-b7 wp-block-kadence-advancedheading\" data-kb-block=\"kb-adv-heading243_b67c20-b7\"><strong>Preise<\/strong><\/h4>\n\n\n\n<p>Alle Preise verstehen sich Brutto inkl. 20% USt.<\/p>\n\n\n<style>.wp-block-kadence-advancedheading.kt-adv-heading243_7ef07b-91, .wp-block-kadence-advancedheading.kt-adv-heading243_7ef07b-91[data-kb-block=\"kb-adv-heading243_7ef07b-91\"]{font-style:normal;}.wp-block-kadence-advancedheading.kt-adv-heading243_7ef07b-91 mark.kt-highlight, .wp-block-kadence-advancedheading.kt-adv-heading243_7ef07b-91[data-kb-block=\"kb-adv-heading243_7ef07b-91\"] mark.kt-highlight{font-style:normal;color:#f76a0c;-webkit-box-decoration-break:clone;box-decoration-break:clone;padding-top:0px;padding-right:0px;padding-bottom:0px;padding-left:0px;}.wp-block-kadence-advancedheading.kt-adv-heading243_7ef07b-91 img.kb-inline-image, .wp-block-kadence-advancedheading.kt-adv-heading243_7ef07b-91[data-kb-block=\"kb-adv-heading243_7ef07b-91\"] img.kb-inline-image{width:150px;vertical-align:baseline;}<\/style>\n<h4 class=\"kt-adv-heading243_7ef07b-91 wp-block-kadence-advancedheading\" data-kb-block=\"kb-adv-heading243_7ef07b-91\"><strong>1. R\u00fccktrittsrecht<\/strong><\/h4>\n\n\n\n<p>Besteller, die Verbraucher im Sinne des Konsumentenschutzgesetzes sind, k\u00f6nnen binnen einer Frist von 14 Werktagen ab Erhalt der Lieferung der bestellten Ware von einem im Fernabsatz geschlossenen Kauf zur\u00fccktreten. Es gen\u00fcgt, wenn die Ware innerhalb der Frist zur\u00fcckgesendet wird.<br>Unfrei oder Nachnahme-Zusendungen werden nicht angenommen oder gehen mit sehr hohen Kosten an den Absender zur\u00fcck.<br>Werden Nachgeb\u00fcrensendungen angenommen, erfolgt Kostenersatz an der Warenr\u00fcckverg\u00fctung.<\/p>\n\n\n<style>.wp-block-kadence-advancedheading.kt-adv-heading243_f4d83f-74, .wp-block-kadence-advancedheading.kt-adv-heading243_f4d83f-74[data-kb-block=\"kb-adv-heading243_f4d83f-74\"]{font-style:normal;}.wp-block-kadence-advancedheading.kt-adv-heading243_f4d83f-74 mark.kt-highlight, .wp-block-kadence-advancedheading.kt-adv-heading243_f4d83f-74[data-kb-block=\"kb-adv-heading243_f4d83f-74\"] mark.kt-highlight{font-style:normal;color:#f76a0c;-webkit-box-decoration-break:clone;box-decoration-break:clone;padding-top:0px;padding-right:0px;padding-bottom:0px;padding-left:0px;}.wp-block-kadence-advancedheading.kt-adv-heading243_f4d83f-74 img.kb-inline-image, .wp-block-kadence-advancedheading.kt-adv-heading243_f4d83f-74[data-kb-block=\"kb-adv-heading243_f4d83f-74\"] img.kb-inline-image{width:150px;vertical-align:baseline;}<\/style>\n<h4 class=\"kt-adv-heading243_f4d83f-74 wp-block-kadence-advancedheading\" data-kb-block=\"kb-adv-heading243_f4d83f-74\"><strong>2. Lieferung<\/strong><\/h4>\n\n\n\n<p>Sofern nichts anderes vereinbart ist, erfolgen s\u00e4mtliche Lieferungen ab Werk. Die Versendung der Ware erfolgt an die vom Besteller angegebene Lieferanschrift zu den bekannten Lieferkonditionen. Die Firma SOMO ist bem\u00fcht, die Liefertermine nach M\u00f6glichkeit einzuhalten.<\/p>\n\n\n<style>.wp-block-kadence-advancedheading.kt-adv-heading243_74fdfb-55, .wp-block-kadence-advancedheading.kt-adv-heading243_74fdfb-55[data-kb-block=\"kb-adv-heading243_74fdfb-55\"]{font-style:normal;}.wp-block-kadence-advancedheading.kt-adv-heading243_74fdfb-55 mark.kt-highlight, .wp-block-kadence-advancedheading.kt-adv-heading243_74fdfb-55[data-kb-block=\"kb-adv-heading243_74fdfb-55\"] mark.kt-highlight{font-style:normal;color:#f76a0c;-webkit-box-decoration-break:clone;box-decoration-break:clone;padding-top:0px;padding-right:0px;padding-bottom:0px;padding-left:0px;}.wp-block-kadence-advancedheading.kt-adv-heading243_74fdfb-55 img.kb-inline-image, .wp-block-kadence-advancedheading.kt-adv-heading243_74fdfb-55[data-kb-block=\"kb-adv-heading243_74fdfb-55\"] img.kb-inline-image{width:150px;vertical-align:baseline;}<\/style>\n<h4 class=\"kt-adv-heading243_74fdfb-55 wp-block-kadence-advancedheading\" data-kb-block=\"kb-adv-heading243_74fdfb-55\"><strong>3. Eigentumsvorbehalt<\/strong><\/h4>\n\n\n\n<p>Lieferungen erfolgen immer unter dem ausdr\u00fccklichen Vorbehalt des Eigentums an der geliefertern Ware bis zur vollst\u00e4ndigen Bezahlung unserer Forderung. Vor vollst\u00e4ndiger Bezahlung der Rechnung ist es dem Besteller untersagt, die Ware zu verpf\u00e4nden, sicherungsweise zu \u00fcbereignen oder Dritten sonstige Rechte daran einzur\u00e4umen. Zwangsvollstreckungsma\u00dfnahmen und andere die Rechtsstellung von Firma SOMO beeintr\u00e4chtigende Zugriffe Dritter auf die mit Eigentumsvorbehalt behaftete Ware hat der Besteller unverz\u00fcglich schriftlich anzuzeigen. Der Besteller hat derartigen Ma\u00dfnahmen unter Hinweis auf unser Vorbehaltseigentum sofort zu widersprechen.<\/p>\n\n\n<style>.wp-block-kadence-advancedheading.kt-adv-heading243_d2f01b-83, .wp-block-kadence-advancedheading.kt-adv-heading243_d2f01b-83[data-kb-block=\"kb-adv-heading243_d2f01b-83\"]{font-style:normal;}.wp-block-kadence-advancedheading.kt-adv-heading243_d2f01b-83 mark.kt-highlight, .wp-block-kadence-advancedheading.kt-adv-heading243_d2f01b-83[data-kb-block=\"kb-adv-heading243_d2f01b-83\"] mark.kt-highlight{font-style:normal;color:#f76a0c;-webkit-box-decoration-break:clone;box-decoration-break:clone;padding-top:0px;padding-right:0px;padding-bottom:0px;padding-left:0px;}.wp-block-kadence-advancedheading.kt-adv-heading243_d2f01b-83 img.kb-inline-image, .wp-block-kadence-advancedheading.kt-adv-heading243_d2f01b-83[data-kb-block=\"kb-adv-heading243_d2f01b-83\"] img.kb-inline-image{width:150px;vertical-align:baseline;}<\/style>\n<h4 class=\"kt-adv-heading243_d2f01b-83 wp-block-kadence-advancedheading\" data-kb-block=\"kb-adv-heading243_d2f01b-83\"><strong>4. Gew\u00e4hrleistung und Haftung<\/strong><\/h4>\n\n\n\n<p>Mangelhafte Ware ist an Firma SOMO zur\u00fcckzusenden. \u00dcber die obigen Grenzen der Gew\u00e4hrleistung hinaus ist die Haftung einschlie\u00dflich solcher f\u00fcr Schadenersatz, soweit sie nicht auf Vorsatz oder grober Fahrl\u00e4ssigkeit beruhen, ausgeschlossen.<\/p>\n\n\n<style>.wp-block-kadence-advancedheading.kt-adv-heading243_e8a27a-a3, .wp-block-kadence-advancedheading.kt-adv-heading243_e8a27a-a3[data-kb-block=\"kb-adv-heading243_e8a27a-a3\"]{font-style:normal;}.wp-block-kadence-advancedheading.kt-adv-heading243_e8a27a-a3 mark.kt-highlight, .wp-block-kadence-advancedheading.kt-adv-heading243_e8a27a-a3[data-kb-block=\"kb-adv-heading243_e8a27a-a3\"] mark.kt-highlight{font-style:normal;color:#f76a0c;-webkit-box-decoration-break:clone;box-decoration-break:clone;padding-top:0px;padding-right:0px;padding-bottom:0px;padding-left:0px;}.wp-block-kadence-advancedheading.kt-adv-heading243_e8a27a-a3 img.kb-inline-image, .wp-block-kadence-advancedheading.kt-adv-heading243_e8a27a-a3[data-kb-block=\"kb-adv-heading243_e8a27a-a3\"] img.kb-inline-image{width:150px;vertical-align:baseline;}<\/style>\n<h4 class=\"kt-adv-heading243_e8a27a-a3 wp-block-kadence-advancedheading\" data-kb-block=\"kb-adv-heading243_e8a27a-a3\"><strong>5. Gerichtsstand, Anwendbares Recht, Sonstiges<\/strong><\/h4>\n\n\n\n<p>Gerichtsstand f\u00fcr alle sich aus oder im Zusammenhang mit der Gesch\u00e4ftsverbindung ergebenden Streitigkeiten ist, soweit es sich nicht um Verbrauchergesch\u00e4fte handelt, ausschlie\u00dflich G\u00fcssing. Soweit dem nicht zwingende gesetzliche Bestimmungen nach dem Heimatrecht des Bestellers entgegenstehen, gilt \u00f6sterreichisches Recht. Die Anwendung des UN-Kaufrechtes ist ausgeschlossen. Die Unwirksamkeit einzelner Bestimmungen ber\u00fchrt die Wirksamkeit der \u00fcbrigen Bestimmungen dieser Lieferbedingungen nicht. Aus dem Umstand, dass die Firma SOMO einzelne oder ihr zustehenden Rechte nicht aus\u00fcbt, kann ein Verzicht auf diese Rechte nicht abgeleitet werden. Der Besteller nimmt zur Kenntnis, dass die Bestelldaten automationsunterst\u00fctzt verarbeitet und gespeichert werden. Der Kunde stimmt widerruflich der \u00dcbertragung seiner Daten (Vorname, Familienname, Titel, Adresse, Email, Teilnehmernummer) zu Werbezwecken (insbesonders f\u00fcr die Zusendung von Informationsmaterial und Emails) zu.<\/p>\n\n\n<style>.wp-block-kadence-advancedheading.kt-adv-heading243_f9fcf4-72, .wp-block-kadence-advancedheading.kt-adv-heading243_f9fcf4-72[data-kb-block=\"kb-adv-heading243_f9fcf4-72\"]{font-style:normal;}.wp-block-kadence-advancedheading.kt-adv-heading243_f9fcf4-72 mark.kt-highlight, .wp-block-kadence-advancedheading.kt-adv-heading243_f9fcf4-72[data-kb-block=\"kb-adv-heading243_f9fcf4-72\"] mark.kt-highlight{font-style:normal;color:#f76a0c;-webkit-box-decoration-break:clone;box-decoration-break:clone;padding-top:0px;padding-right:0px;padding-bottom:0px;padding-left:0px;}.wp-block-kadence-advancedheading.kt-adv-heading243_f9fcf4-72 img.kb-inline-image, .wp-block-kadence-advancedheading.kt-adv-heading243_f9fcf4-72[data-kb-block=\"kb-adv-heading243_f9fcf4-72\"] img.kb-inline-image{width:150px;vertical-align:baseline;}<\/style>\n<h4 class=\"kt-adv-heading243_f9fcf4-72 wp-block-kadence-advancedheading\" data-kb-block=\"kb-adv-heading243_f9fcf4-72\"><strong>6. Erf\u00fcllungsort<\/strong><\/h4>\n\n\n\n<p>Erf\u00fcllungsort ist Kleinm\u00fcrbisch 39<br>7540 Kleinm\u00fcrbisch<br>Martin Deisenhofer KG<br>Firmenbuchnummer 526042t<br>Gewerbeaufsicht: Wirtschaftskammer \u00d6sterreich<\/p>\n<\/div><\/div>\n\n<\/div><\/div>","protected":false},"excerpt":{"rendered":"<p>Allgemeine Gesch\u00e4ftsbedingungen Stand: 6. Mai 2027 Lieferinformation Die Lieferzeit eines Artikels setzt sich zusammen aus: Auslieferungszeit + Versandzeit = Gesamtlieferzeit. Ihre Bestellung bei der Firma SOMO Naturwaren Manufaktur \u2013 Martin&#8230;<\/p>","protected":false},"author":1,"featured_media":0,"parent":0,"menu_order":0,"comment_status":"closed","ping_status":"closed","template":"","meta":{"_kad_blocks_custom_css":"","_kad_blocks_head_custom_js":"","_kad_blocks_body_custom_js":"","_kad_blocks_footer_custom_js":"","_kad_post_transparent":"","_kad_post_title":"","_kad_post_layout":"","_kad_post_sidebar_id":"","_kad_post_content_style":"","_kad_post_vertical_padding":"","_kad_post_feature":"","_kad_post_feature_position":"","_kad_post_header":false,"_kad_post_footer":false,"_kad_post_classname":"","footnotes":""},"class_list":["post-243","page","type-page","status-publish","hentry"],"taxonomy_info":[],"featured_image_src_large":false,"author_info":{"display_name":"thomaspaul.at","author_link":"https:\/\/staging.somo-naturwaren.com\/en\/author\/winningdesign\/"},"comment_info":0,"_links":{"self":[{"href":"https:\/\/staging.somo-naturwaren.com\/en\/wp-json\/wp\/v2\/pages\/243","targetHints":{"allow":["GET"]}}],"collection":[{"href":"https:\/\/staging.somo-naturwaren.com\/en\/wp-json\/wp\/v2\/pages"}],"about":[{"href":"https:\/\/staging.somo-naturwaren.com\/en\/wp-json\/wp\/v2\/types\/page"}],"author":[{"embeddable":true,"href":"https:\/\/staging.somo-naturwaren.com\/en\/wp-json\/wp\/v2\/users\/1"}],"replies":[{"embeddable":true,"href":"https:\/\/staging.somo-naturwaren.com\/en\/wp-json\/wp\/v2\/comments?post=243"}],"version-history":[{"count":6,"href":"https:\/\/staging.somo-naturwaren.com\/en\/wp-json\/wp\/v2\/pages\/243\/revisions"}],"predecessor-version":[{"id":10628,"href":"https:\/\/staging.somo-naturwaren.com\/en\/wp-json\/wp\/v2\/pages\/243\/revisions\/10628"}],"wp:attachment":[{"href":"https:\/\/staging.somo-naturwaren.com\/en\/wp-json\/wp\/v2\/media?parent=243"}],"curies":[{"name":"wp","href":"https:\/\/api.w.org\/{rel}","templated":true}]}}