{"id":10271,"date":"2026-04-17T16:52:22","date_gmt":"2026-04-17T14:52:22","guid":{"rendered":"https:\/\/staging.somo-naturwaren.com\/produkt\/somo-ohrkerzen-koerperkerzen-kinder-raps-natur-vegan-creme\/"},"modified":"2026-04-17T22:09:05","modified_gmt":"2026-04-17T20:09:05","slug":"somo-ohrkerzen-koerperkerzen-kinder-raps-natur-vegan-creme","status":"publish","type":"product","link":"https:\/\/staging.somo-naturwaren.com\/en\/product\/somo-ohrkerzen-koerperkerzen-kinder-raps-natur-vegan-creme\/","title":{"rendered":"SOMO Ohrkerzen\/K\u00f6rperkerzen Kinder Raps NATUR VEGAN creme"},"content":{"rendered":"<p>Rapswachs wirkt regenerierend &#038; stabilisierend. Cremefarben schenken Kraft &#038; Nat\u00fcrlichkeit.<br \/>\nKr\u00e4uter und Bl\u00fcten ziehen in hei\u00dfem Wachs, bevor wir sie wickeln und drehen \u2013 jede Ohr- und K\u00f6rperkerze ist ein Unikat aus dem S\u00fcdburgenland. Die Handarbeit und das Wissen um die Anwendung stammen von den Hopi Indianern, vermittelt durch den Ureigent\u00fcmer von SOMO vor \u00fcber 35 Jahren. Unsere Kerzen enthalten vielf\u00e4ltige nat\u00fcrliche Inhaltsstoffe (Wachse, \u00d6le, Kr\u00e4uter) und Farben, sodass sich je nach Stimmung oder Bed\u00fcrfnis die passende Kerze ausw\u00e4hlen l\u00e4sst. Sie sind mehr als ein entspannendes Ritual: Sie sind bew\u00e4hrte nat\u00fcrliche Hausmittel, die ein befreiendes Gef\u00fchl f\u00fcr K\u00f6rper, Kopf und Ohren vermitteln. Beim Ansetzen entsteht eine sanfte Stimulierung; W\u00e4rme bringt ein entspanntes Gef\u00fchl f\u00fcr Haut, Muskeln und Energiezentren. Dadurch kann das Immunsystem gef\u00f6rdert und das allgemeine Wohlbefinden unterst\u00fctzt werden. Viele erleben Ruhe, Klarheit und Befreiung.<\/p>\n<h3>Facts<\/h3>\n<p>CE gepr\u00fcft<br \/>\nausdrucksvolle Farbenvielfalt<br \/>\nspezielle Wachsmischung<br \/>\nauch vegan<br \/>\nKr\u00e4uterausz\u00fcge im hei\u00dfen Wachs<br \/>\nGr\u00f6\u00dfen auch f\u00fcr Kinder<br \/>\nverbrennen r\u00fcckstandslos<br \/>\njede Ohr\/K\u00f6rperkerze ist ein Unikat<br \/>\nTropfschutz &#038; Abbrennmarkierung<br \/>\nhohe Sicherheit beim Abbrennen<\/p>\n<h3>Anwendung<\/h3>\n<p>Ohrkerzen Anwendung.<br \/>\nAlte Rituale f\u00fcr neue Energie. Ein Glas Wasser bereitstellen. Entspannte Position einnehmen.  Eine zweite Person z\u00fcndet die Ohrkerze am leicht ausgefransten Ende an. Das andere Ende mit dem integrierten<br \/>\nTropfschutz wird sanft abdichtend am Geh\u00f6rgang senkrecht stehend angesetzt. Ohrkerze bis zu 6 cm abbrennen.  Den Rest im Glas mit Wasser abl\u00f6schen. Anwendung beim zweiten Ohr wiederholen. Trinken Sie nach jeder Anwendung reines Wasser und nehmen Sie sich Zeit zum<br \/>\nAusruhen und Entspannen. <\/p>\n<p>K\u00f6rperkerzen Anwendung.<br \/>\nEin Glas Wasser und ein Baumwolltuch<br \/>\nbereitstellen. Entspannte Position einnehmen. Massieren Sie mit kreisenden Bewegungen die gew\u00fcnschte K\u00f6rperstelle. Legen Sie das Baumwolltuch dar\u00fcber. Eine zweite Person z\u00fcndet die K\u00f6rperkerze am leicht ausgefransten Ende an. Das andere Ende auf die gew\u00fcnschte K\u00f6rperstelle setzen.<\/p>\n<h3>Inhaltsstoffe<\/h3>\n<p>Baumwolle, 100%  Rapswachs<\/p>","protected":false},"excerpt":{"rendered":"<p>Vegane Reinheit &#038; Stabilit\u00e4t \u2013 Raps Creme.<\/p>","protected":false},"featured_media":10351,"template":"","meta":{"_kad_blocks_custom_css":"","_kad_blocks_head_custom_js":"","_kad_blocks_body_custom_js":"","_kad_blocks_footer_custom_js":"","_kad_post_transparent":"","_kad_post_title":"","_kad_post_layout":"","_kad_post_sidebar_id":"","_kad_post_content_style":"","_kad_post_vertical_padding":"","_kad_post_feature":"","_kad_post_feature_position":"","_kad_post_header":false,"_kad_post_footer":false,"_kad_post_classname":""},"product_brand":[],"product_cat":[98],"product_tag":[],"class_list":{"0":"post-10271","1":"product","2":"type-product","3":"status-publish","4":"has-post-thumbnail","6":"product_cat-ohrkerzen-koerperkerzen","8":"first","9":"instock","10":"taxable","11":"shipping-taxable","12":"purchasable","13":"product-type-simple","14":"entry","15":"content-bg","16":"loop-entry"},"taxonomy_info":{"product_cat":[{"value":98,"label":"Ohrkerzen \/ K\u00f6rperkerzen"}]},"featured_image_src_large":["https:\/\/staging.somo-naturwaren.com\/wp-content\/uploads\/2026\/04\/9120124851218.jpg",1000,1000,false],"author_info":[],"comment_info":"","_links":{"self":[{"href":"https:\/\/staging.somo-naturwaren.com\/en\/wp-json\/wp\/v2\/product\/10271","targetHints":{"allow":["GET"]}}],"collection":[{"href":"https:\/\/staging.somo-naturwaren.com\/en\/wp-json\/wp\/v2\/product"}],"about":[{"href":"https:\/\/staging.somo-naturwaren.com\/en\/wp-json\/wp\/v2\/types\/product"}],"wp:featuredmedia":[{"embeddable":true,"href":"https:\/\/staging.somo-naturwaren.com\/en\/wp-json\/wp\/v2\/media\/10351"}],"wp:attachment":[{"href":"https:\/\/staging.somo-naturwaren.com\/en\/wp-json\/wp\/v2\/media?parent=10271"}],"wp:term":[{"taxonomy":"product_brand","embeddable":true,"href":"https:\/\/staging.somo-naturwaren.com\/en\/wp-json\/wp\/v2\/product_brand?post=10271"},{"taxonomy":"product_cat","embeddable":true,"href":"https:\/\/staging.somo-naturwaren.com\/en\/wp-json\/wp\/v2\/product_cat?post=10271"},{"taxonomy":"product_tag","embeddable":true,"href":"https:\/\/staging.somo-naturwaren.com\/en\/wp-json\/wp\/v2\/product_tag?post=10271"}],"curies":[{"name":"wp","href":"https:\/\/api.w.org\/{rel}","templated":true}]}}