{"id":10275,"date":"2026-04-17T16:52:22","date_gmt":"2026-04-17T14:52:22","guid":{"rendered":"https:\/\/staging.somo-naturwaren.com\/produkt\/somo-ohrkerzen-koerperkerzen-kinder-lavendel-violett\/"},"modified":"2026-04-17T22:09:22","modified_gmt":"2026-04-17T20:09:22","slug":"somo-ohrkerzen-koerperkerzen-kinder-lavendel-violett","status":"publish","type":"product","link":"https:\/\/staging.somo-naturwaren.com\/en\/product\/somo-ohrkerzen-koerperkerzen-kinder-lavendel-violett\/","title":{"rendered":"SOMO Ohrkerzen\/K\u00f6rperkerzen Kinder Lavendel violett"},"content":{"rendered":"<p>Lavendel wird traditionell mit Ruhe und Entspannung in Verbindung gebracht. Violett steht f\u00fcr Intuition und Gelassenheit.<\/p>\n<h3>Facts<\/h3>\n<p>CE gepr\u00fcft<br \/>\nausdrucksvolle Farbenvielfalt<br \/>\nspezielle Wachsmischung<br \/>\nauch vegan<br \/>\nKr\u00e4uterausz\u00fcge im hei\u00dfen Wachs<br \/>\nGr\u00f6\u00dfen auch f\u00fcr Kinder<br \/>\nverbrennen r\u00fcckstandslos<br \/>\njede Ohr\/K\u00f6rperkerze ist ein Unikat<br \/>\nTropfschutz &#038; Abbrennmarkierung<br \/>\nhohe Sicherheit beim Abbrennen<\/p>\n<h3>Anwendung<\/h3>\n<p>Ohrkerzen Anwendung.<br \/>\nAlte Rituale f\u00fcr neue Energie. Ein Glas Wasser bereitstellen. Entspannte Position einnehmen.  Eine zweite Person z\u00fcndet die Ohrkerze am leicht ausgefransten Ende an. Das andere Ende mit dem integrierten<br \/>\nTropfschutz wird sanft abdichtend am Geh\u00f6rgang senkrecht stehend angesetzt. Ohrkerze bis zu 6 cm abbrennen.  Den Rest im Glas mit Wasser abl\u00f6schen. Anwendung beim zweiten Ohr wiederholen. Trinken Sie nach jeder Anwendung reines Wasser und nehmen Sie sich Zeit zum<br \/>\nAusruhen und Entspannen. <\/p>\n<p>K\u00f6rperkerzen Anwendung.<br \/>\nEin Glas Wasser und ein Baumwolltuch<br \/>\nbereitstellen. Entspannte Position einnehmen. Massieren Sie mit kreisenden Bewegungen die gew\u00fcnschte K\u00f6rperstelle. Legen Sie das Baumwolltuch dar\u00fcber. Eine zweite Person z\u00fcndet die K\u00f6rperkerze am leicht ausgefransten Ende an. Das andere Ende auf die gew\u00fcnschte K\u00f6rperstelle setzen.<\/p>\n<h3>Inhaltsstoffe<\/h3>\n<p>Baumwolle, Wachs, Bienenwachs, Lavendelpulver &#038; -\u00f6l<\/p>","protected":false},"excerpt":{"rendered":"<p>Lavendel Violett \u2013 Symbol f\u00fcr Ruhe, Intuition &#038; Gelassenheit.<\/p>","protected":false},"featured_media":10355,"template":"","meta":{"_kad_blocks_custom_css":"","_kad_blocks_head_custom_js":"","_kad_blocks_body_custom_js":"","_kad_blocks_footer_custom_js":"","_kad_post_transparent":"","_kad_post_title":"","_kad_post_layout":"","_kad_post_sidebar_id":"","_kad_post_content_style":"","_kad_post_vertical_padding":"","_kad_post_feature":"","_kad_post_feature_position":"","_kad_post_header":false,"_kad_post_footer":false,"_kad_post_classname":""},"product_brand":[],"product_cat":[98],"product_tag":[],"class_list":{"0":"post-10275","1":"product","2":"type-product","3":"status-publish","4":"has-post-thumbnail","6":"product_cat-ohrkerzen-koerperkerzen","8":"first","9":"instock","10":"taxable","11":"shipping-taxable","12":"purchasable","13":"product-type-simple","14":"entry","15":"content-bg","16":"loop-entry"},"taxonomy_info":{"product_cat":[{"value":98,"label":"Ohrkerzen \/ K\u00f6rperkerzen"}]},"featured_image_src_large":["https:\/\/staging.somo-naturwaren.com\/wp-content\/uploads\/2026\/04\/9120124850167.jpg",1000,1000,false],"author_info":[],"comment_info":"","_links":{"self":[{"href":"https:\/\/staging.somo-naturwaren.com\/en\/wp-json\/wp\/v2\/product\/10275","targetHints":{"allow":["GET"]}}],"collection":[{"href":"https:\/\/staging.somo-naturwaren.com\/en\/wp-json\/wp\/v2\/product"}],"about":[{"href":"https:\/\/staging.somo-naturwaren.com\/en\/wp-json\/wp\/v2\/types\/product"}],"wp:featuredmedia":[{"embeddable":true,"href":"https:\/\/staging.somo-naturwaren.com\/en\/wp-json\/wp\/v2\/media\/10355"}],"wp:attachment":[{"href":"https:\/\/staging.somo-naturwaren.com\/en\/wp-json\/wp\/v2\/media?parent=10275"}],"wp:term":[{"taxonomy":"product_brand","embeddable":true,"href":"https:\/\/staging.somo-naturwaren.com\/en\/wp-json\/wp\/v2\/product_brand?post=10275"},{"taxonomy":"product_cat","embeddable":true,"href":"https:\/\/staging.somo-naturwaren.com\/en\/wp-json\/wp\/v2\/product_cat?post=10275"},{"taxonomy":"product_tag","embeddable":true,"href":"https:\/\/staging.somo-naturwaren.com\/en\/wp-json\/wp\/v2\/product_tag?post=10275"}],"curies":[{"name":"wp","href":"https:\/\/api.w.org\/{rel}","templated":true}]}}