{"id":10296,"date":"2026-04-17T16:52:25","date_gmt":"2026-04-17T14:52:25","guid":{"rendered":"https:\/\/staging.somo-naturwaren.com\/produkt\/somo-naturhof-garten-bio-ringelblumen-kokos-badekugeln\/"},"modified":"2026-04-17T22:14:24","modified_gmt":"2026-04-17T20:14:24","slug":"somo-naturhof-garten-bio-ringelblumen-kokos-badekugeln","status":"publish","type":"product","link":"https:\/\/staging.somo-naturwaren.com\/en\/product\/somo-naturhof-garten-bio-ringelblumen-kokos-badekugeln\/","title":{"rendered":"SOMO NatURhof Garten Bio Ringelblumen Kokos Badekugeln"},"content":{"rendered":"<p>Die 3er Packung Bio Ringelblumen Kokos Badekugeln vereinen die pflegende Wirkung von Bio Kokos\u00f6l mit der sanften Kraft der Ringelblume und dem erfrischenden Duft von Bio-Bergamotte. Die Kombination aus Natron und pflanzlichen Inhaltsstoffen sorgt f\u00fcr ein sanft sprudelndes Badeerlebnis, das die Haut verw\u00f6hnt und zugleich das Wohlbefinden steigert.<br \/>\nBio Kokos\u00f6l unterst\u00fctzt die Hautpflege, spendet Feuchtigkeit und hinterl\u00e4sst ein geschmeidiges, zartes Hautgef\u00fchl. Der Ringelblumenbl\u00fcten tragen zur Beruhigung empfindlicher Haut bei und unterst\u00fctzt ein angenehmes Hautgef\u00fchl nach dem Bad.<br \/>\nDer feine, nat\u00fcrliche Duft der Bergamotte wirkt belebend und erfrischend. Ideal f\u00fcr entspannende Momente nach einem anstrengenden Tag. Ein Badeerlebnis f\u00fcr jedes Alter.<\/p>\n<h3>Facts<\/h3>\n<p>\u2022  100\u202f% nat\u00fcrliche Inhaltsstoffe<br \/>\n\u2022  Bio-zertifiziert und pflanzlich<br \/>\n\u2022  Frei von synthetischen Duft-, Farb- und Konservierungsstoffen<br \/>\n\u2022  F\u00fcr alle Hauttypen geeignet<\/p>\n<h3>Anwendung<\/h3>\n<p>Eine Badekugel ins warme Badewasser geben, aufl\u00f6sen lassen und die wohltuende Pflege sowie den nat\u00fcrlichen Duft genie\u00dfen. Geeignet f\u00fcr die t\u00e4gliche Anwendung oder als besonderes Verw\u00f6hnerlebnis.<\/p>\n<h3>Inhaltsstoffe<\/h3>\n<p>SODIUM BICARBONATE (Natron)<br \/>\nCITRIC ACID<br \/>\nCOCOS NUCIFERA OIL<br \/>\nZEA MAYS STARCH<br \/>\nCALENDULA OFFICINALIS FLOWER<br \/>\nCITRUS AURANTIUM BERGAMIA<br \/>\nFRUIT OIL LINALYL ACETATE BETA-PINENES  PINENE (Bio Bergamotte \u00e4therisches \u00d6l)<\/p>","protected":false},"excerpt":{"rendered":"<p>Sprudelnde Momente mit 3 St\u00fcck Ringelblumen und Kokos\u00f6l f\u00fcr ein samtiges Hautgef\u00fchl &#038; frischen Bergamotte-Duft.<\/p>","protected":false},"featured_media":10376,"template":"","meta":{"_kad_blocks_custom_css":"","_kad_blocks_head_custom_js":"","_kad_blocks_body_custom_js":"","_kad_blocks_footer_custom_js":"","_kad_post_transparent":"","_kad_post_title":"","_kad_post_layout":"","_kad_post_sidebar_id":"","_kad_post_content_style":"","_kad_post_vertical_padding":"","_kad_post_feature":"","_kad_post_feature_position":"","_kad_post_header":false,"_kad_post_footer":false,"_kad_post_classname":""},"product_brand":[],"product_cat":[99],"product_tag":[],"class_list":{"0":"post-10296","1":"product","2":"type-product","3":"status-publish","4":"has-post-thumbnail","6":"product_cat-bio-naturkosmetik","8":"first","9":"instock","10":"taxable","11":"shipping-taxable","12":"purchasable","13":"product-type-simple","14":"entry","15":"content-bg","16":"loop-entry"},"taxonomy_info":{"product_cat":[{"value":99,"label":"BIO Naturkosmetik"}]},"featured_image_src_large":["https:\/\/staging.somo-naturwaren.com\/wp-content\/uploads\/2026\/04\/9120124850839.jpg",1000,1000,false],"author_info":[],"comment_info":"","_links":{"self":[{"href":"https:\/\/staging.somo-naturwaren.com\/en\/wp-json\/wp\/v2\/product\/10296","targetHints":{"allow":["GET"]}}],"collection":[{"href":"https:\/\/staging.somo-naturwaren.com\/en\/wp-json\/wp\/v2\/product"}],"about":[{"href":"https:\/\/staging.somo-naturwaren.com\/en\/wp-json\/wp\/v2\/types\/product"}],"wp:featuredmedia":[{"embeddable":true,"href":"https:\/\/staging.somo-naturwaren.com\/en\/wp-json\/wp\/v2\/media\/10376"}],"wp:attachment":[{"href":"https:\/\/staging.somo-naturwaren.com\/en\/wp-json\/wp\/v2\/media?parent=10296"}],"wp:term":[{"taxonomy":"product_brand","embeddable":true,"href":"https:\/\/staging.somo-naturwaren.com\/en\/wp-json\/wp\/v2\/product_brand?post=10296"},{"taxonomy":"product_cat","embeddable":true,"href":"https:\/\/staging.somo-naturwaren.com\/en\/wp-json\/wp\/v2\/product_cat?post=10296"},{"taxonomy":"product_tag","embeddable":true,"href":"https:\/\/staging.somo-naturwaren.com\/en\/wp-json\/wp\/v2\/product_tag?post=10296"}],"curies":[{"name":"wp","href":"https:\/\/api.w.org\/{rel}","templated":true}]}}