{"id":10316,"date":"2026-04-17T16:52:30","date_gmt":"2026-04-17T14:52:30","guid":{"rendered":"https:\/\/staging.somo-naturwaren.com\/produkt\/somo-naturhof-garten-bio-rosskastanien-rosenwasser\/"},"modified":"2026-04-17T22:15:48","modified_gmt":"2026-04-17T20:15:48","slug":"somo-naturhof-garten-bio-rosskastanien-rosenwasser","status":"publish","type":"product","link":"https:\/\/staging.somo-naturwaren.com\/en\/product\/somo-naturhof-garten-bio-rosskastanien-rosenwasser\/","title":{"rendered":"SOMO NatURhof Garten Bio Rosskastanien Rosenwasser"},"content":{"rendered":"<p>Das Bio Rosskastanien Rosenwasser vereint sanfte Pflanzenkraft mit erfrischender Pflege f\u00fcr die Haut. Die Basis bildet reine Pflanzen Hydrolate wie Rosskastanien Hydrolat, Melissen Hydrolat und Rosen Hydrolat. Diese Hydrolate sind f\u00fcr ihre erfrischenden und harmonisierenden Eigenschaften bekannt und schenken der Haut ein angenehm vitalisiertes Gef\u00fchl.<br \/>\nDer enthaltene Rosen Pflege \u00d6l Extrakt und das Ringelblumen Pflege \u00d6l Extrakt runden die Rezeptur ab, indem sie die Haut geschmeidig pflegen und f\u00fcr ein sanftes Hautgef\u00fchl sorgen. Natron tr\u00e4gt zus\u00e4tzlich zur nat\u00fcrlichen Frische bei.<br \/>\nDas Zusammenspiel der sorgf\u00e4ltig ausgew\u00e4hlten Bio-Rohstoffe ergibt eine leichte, wohltuende Pflege, die sich besonders f\u00fcr die t\u00e4gliche Anwendung eignet und ein Gef\u00fchl von Frische, Balance und Wohlbefinden vermittelt.<\/p>\n<h3>Facts<\/h3>\n<p>Rosen Hydrolat &#038; Rosen\u00f6l-Extrakt \u2013 f\u00fcr ein harmonisches, blumiges Pflegeerlebnis<br \/>\nRosskastanien Hydrolat \u2013 traditionell gesch\u00e4tzt zur Unterst\u00fctzung eines angenehm weichen Hautgef\u00fchls<br \/>\nRingelblumen\u00f6l-Extrakt &#038; Melissenhydrolat \u2013 sanfte Pflege und wohltuende Frische<br \/>\nNatron \u2013 nat\u00fcrliche Basis f\u00fcr ein reines Hautgef\u00fchl<br \/>\n100 % naturbasierte Rezeptur<\/p>\n<h3>Anwendung<\/h3>\n<p>Das Bio Rosskastanien Rosenwasser gut sch\u00fctteln, nach Bedarf auf die gereinigte Haut aufspr\u00fchen oder mit einem Wattepad auftragen. Es kann als erfrischendes Gesichtswasser, sanftes K\u00f6rperspray oder zur Hautpflege nach dem Sonnenbad verwendet werden. Auch ideal als nat\u00fcrlicher Feuchtigkeitsspender zwischendurch und mit einem angefeuchteten Wattepad zum Abschminken von dekorativer Kosmetik.<\/p>\n<h3>Inhaltsstoffe<\/h3>\n<p>AQUA, ROSA DAMASCENA FLOWER WATER, MELISSA OFFICINALIS LEAF WATER, AESCULUS HIPPOCASTANUM EXTRACT, OLEA EUROPAEA FRUIT OIL, SODIUM BICARBONATE, ROSA DAMASCENA FLOWER EXTRACT, CALENDULA OFFICINALIS FLOWER EXTRACT,<\/p>","protected":false},"excerpt":{"rendered":"<p>Erfrischendes Bio-Rosenwasser mit Rosskastanie, Melisse &#038; Ringelblume \u2013 sanfte Pflege und wohltuende Frische.<\/p>","protected":false},"featured_media":10396,"template":"","meta":{"_kad_blocks_custom_css":"","_kad_blocks_head_custom_js":"","_kad_blocks_body_custom_js":"","_kad_blocks_footer_custom_js":"","_kad_post_transparent":"","_kad_post_title":"","_kad_post_layout":"","_kad_post_sidebar_id":"","_kad_post_content_style":"","_kad_post_vertical_padding":"","_kad_post_feature":"","_kad_post_feature_position":"","_kad_post_header":false,"_kad_post_footer":false,"_kad_post_classname":""},"product_brand":[],"product_cat":[99],"product_tag":[],"class_list":{"0":"post-10316","1":"product","2":"type-product","3":"status-publish","4":"has-post-thumbnail","6":"product_cat-bio-naturkosmetik","8":"first","9":"instock","10":"taxable","11":"shipping-taxable","12":"purchasable","13":"product-type-simple","14":"entry","15":"content-bg","16":"loop-entry"},"taxonomy_info":{"product_cat":[{"value":99,"label":"BIO Naturkosmetik"}]},"featured_image_src_large":["https:\/\/staging.somo-naturwaren.com\/wp-content\/uploads\/2026\/04\/9120124851232.jpg",1000,1000,false],"author_info":[],"comment_info":"","_links":{"self":[{"href":"https:\/\/staging.somo-naturwaren.com\/en\/wp-json\/wp\/v2\/product\/10316","targetHints":{"allow":["GET"]}}],"collection":[{"href":"https:\/\/staging.somo-naturwaren.com\/en\/wp-json\/wp\/v2\/product"}],"about":[{"href":"https:\/\/staging.somo-naturwaren.com\/en\/wp-json\/wp\/v2\/types\/product"}],"wp:featuredmedia":[{"embeddable":true,"href":"https:\/\/staging.somo-naturwaren.com\/en\/wp-json\/wp\/v2\/media\/10396"}],"wp:attachment":[{"href":"https:\/\/staging.somo-naturwaren.com\/en\/wp-json\/wp\/v2\/media?parent=10316"}],"wp:term":[{"taxonomy":"product_brand","embeddable":true,"href":"https:\/\/staging.somo-naturwaren.com\/en\/wp-json\/wp\/v2\/product_brand?post=10316"},{"taxonomy":"product_cat","embeddable":true,"href":"https:\/\/staging.somo-naturwaren.com\/en\/wp-json\/wp\/v2\/product_cat?post=10316"},{"taxonomy":"product_tag","embeddable":true,"href":"https:\/\/staging.somo-naturwaren.com\/en\/wp-json\/wp\/v2\/product_tag?post=10316"}],"curies":[{"name":"wp","href":"https:\/\/api.w.org\/{rel}","templated":true}]}}