{"id":10325,"date":"2026-04-17T16:52:31","date_gmt":"2026-04-17T14:52:31","guid":{"rendered":"https:\/\/staging.somo-naturwaren.com\/produkt\/somo-naturhof-garten-bio-ringel-biene-lippenpflege\/"},"modified":"2026-04-17T22:16:24","modified_gmt":"2026-04-17T20:16:24","slug":"somo-naturhof-garten-bio-ringel-biene-lippenpflege","status":"publish","type":"product","link":"https:\/\/staging.somo-naturwaren.com\/en\/product\/somo-naturhof-garten-bio-ringel-biene-lippenpflege\/","title":{"rendered":"SOMO NatURhof Garten Bio Ringel Biene Lippenpflege"},"content":{"rendered":"<p>Die Bio Ringel Biene Lippenpflege ist eine naturbelassene Pflegeformel, die die empfindliche Lippenhaut auf sanfte Weise verw\u00f6hnt. Hochwertiges Bio-Bienenwachs bildet einen zarten Schutzfilm, der die Lippen vor dem Austrocknen bewahrt und f\u00fcr ein geschmeidiges Hautgef\u00fchl sorgt. Bio-Kakaobutter spendet pflegende Lipide, die die Haut weich und angenehm gepflegt erscheinen lassen. Der Bio-Ringelblumen Pflege-\u00d6l Extrakt erg\u00e4nzt die Rezeptur durch seine traditionell gesch\u00e4tzte Eigenschaft, die Haut zu beruhigen und in ihrer nat\u00fcrlichen Balance zu unterst\u00fctzen. Jasminwachs rundet die Rezeptur durch seine zarte Konsistenz ab und verleiht der Lippenpflege eine dezente Eleganz.<br \/>\nVerfeinert wird die Lippenpflege durch die \u00e4therischen \u00d6le von Bio-Orange und Bio-Teebaum, die dem Balsam eine erfrischend-sanfte Duftnote verleihen und das Pflegeerlebnis abrunden.<br \/>\nDie Formulierung ist frei von synthetischen Zus\u00e4tzen, Mineral\u00f6len und Konservierungsstoffen \u2013 rein pflanzlich, naturverbunden und inspiriert von der Kraft traditioneller Kr\u00e4uterpflege.<\/p>\n<h3>Facts<\/h3>\n<p>100 % naturbelassene Inhaltsstoffe<br \/>\nMit Bio-Bienenwachs zum Schutz vor Austrocknung<br \/>\nRingelblumen\u00f6l-Extrakt f\u00fcr gepflegte, beruhigte Lippen<br \/>\nBio-Kakaobutter f\u00fcr zarte Geschmeidigkeit<br \/>\n Mit Bio-Orangen- &#038; Teebaum\u00f6l f\u00fcr frischen Duft<br \/>\n Frei von Mineral\u00f6len, Silikonen &#038; synthetischen Zus\u00e4tzen<br \/>\nPraktisch &#038; handlich \u2013 ideal f\u00fcr die t\u00e4gliche Lippenpflege<\/p>\n<h3>Anwendung<\/h3>\n<p>Bei Bedarf sanft auf die Lippen auftragen. Mehrmals t\u00e4glich wiederholen, um die Lippen geschmeidig zu halten und vor dem Austrocknen zu sch\u00fctzen.<\/p>\n<h3>Inhaltsstoffe<\/h3>\n<p>OLEA EUROPAEA FRUIT OIL, THEOBROMA CACAO SEED BUTTER, CERA ALBA, JASMINUM GRANDIFLORUM FLOWER CERA, CALENDULA OFFICINALIS FLOWER EXTRACT, *CITRUS SINENSIS PEEL OIL EXPRESSED, *LIMONENE, *LINALOOL, *PINENE, GERANIAL, *GERANIOL, *NERAL, *BETA-PINENES (*\u00e4therisches Orangen\u00f6l), *MELALEUCA ALTERNIFOLIA LEAF OIL, *TERPINOLENE, *GAMMA-TERPINENE, *ALPHA-TERPINENE, *EUCALYPTOL, *TERPINEOL, *METHYL EUGENOL (\u00e4therisches Teebaum\u00f6l)<\/p>","protected":false},"excerpt":{"rendered":"<p>Sanfte Bio-Lippenpflege mit Bienenwachs, Kakaobutter &#038; Ringelblumen\u00f6l \u2013 sch\u00fctzt, pflegt &#038; duftet erfrischend.<\/p>","protected":false},"featured_media":10405,"template":"","meta":{"_kad_blocks_custom_css":"","_kad_blocks_head_custom_js":"","_kad_blocks_body_custom_js":"","_kad_blocks_footer_custom_js":"","_kad_post_transparent":"","_kad_post_title":"","_kad_post_layout":"","_kad_post_sidebar_id":"","_kad_post_content_style":"","_kad_post_vertical_padding":"","_kad_post_feature":"","_kad_post_feature_position":"","_kad_post_header":false,"_kad_post_footer":false,"_kad_post_classname":""},"product_brand":[],"product_cat":[99],"product_tag":[],"class_list":{"0":"post-10325","1":"product","2":"type-product","3":"status-publish","4":"has-post-thumbnail","6":"product_cat-bio-naturkosmetik","8":"first","9":"instock","10":"taxable","11":"shipping-taxable","12":"purchasable","13":"product-type-simple","14":"entry","15":"content-bg","16":"loop-entry"},"taxonomy_info":{"product_cat":[{"value":99,"label":"BIO Naturkosmetik"}]},"featured_image_src_large":["https:\/\/staging.somo-naturwaren.com\/wp-content\/uploads\/2026\/04\/9120124851010.jpg",1000,1000,false],"author_info":[],"comment_info":"","_links":{"self":[{"href":"https:\/\/staging.somo-naturwaren.com\/en\/wp-json\/wp\/v2\/product\/10325","targetHints":{"allow":["GET"]}}],"collection":[{"href":"https:\/\/staging.somo-naturwaren.com\/en\/wp-json\/wp\/v2\/product"}],"about":[{"href":"https:\/\/staging.somo-naturwaren.com\/en\/wp-json\/wp\/v2\/types\/product"}],"wp:featuredmedia":[{"embeddable":true,"href":"https:\/\/staging.somo-naturwaren.com\/en\/wp-json\/wp\/v2\/media\/10405"}],"wp:attachment":[{"href":"https:\/\/staging.somo-naturwaren.com\/en\/wp-json\/wp\/v2\/media?parent=10325"}],"wp:term":[{"taxonomy":"product_brand","embeddable":true,"href":"https:\/\/staging.somo-naturwaren.com\/en\/wp-json\/wp\/v2\/product_brand?post=10325"},{"taxonomy":"product_cat","embeddable":true,"href":"https:\/\/staging.somo-naturwaren.com\/en\/wp-json\/wp\/v2\/product_cat?post=10325"},{"taxonomy":"product_tag","embeddable":true,"href":"https:\/\/staging.somo-naturwaren.com\/en\/wp-json\/wp\/v2\/product_tag?post=10325"}],"curies":[{"name":"wp","href":"https:\/\/api.w.org\/{rel}","templated":true}]}}