{"id":10334,"date":"2026-04-17T16:52:34","date_gmt":"2026-04-17T14:52:34","guid":{"rendered":"https:\/\/staging.somo-naturwaren.com\/produkt\/somo-naturhof-garten-bio-ringelblumen-gesichtspflege-serum\/"},"modified":"2026-04-17T22:17:04","modified_gmt":"2026-04-17T20:17:04","slug":"somo-naturhof-garten-bio-ringelblumen-gesichtspflege-serum","status":"publish","type":"product","link":"https:\/\/staging.somo-naturwaren.com\/en\/product\/somo-naturhof-garten-bio-ringelblumen-gesichtspflege-serum\/","title":{"rendered":"SOMO NatURhof Garten Bio Ringelblumen Gesichtspflege Serum"},"content":{"rendered":"<p>Das Bio Ringelblumen Gesichtspflege Serum vereint eine besondere Komposition aus ausgew\u00e4hlten Bio-Rohstoffen in einer angenehm leichten, luftig-cremigen Textur. Sorgf\u00e4ltig abgestimmte Inhaltsstoffe schenken der Haut ein wohltuendes Pflegeerlebnis und unterst\u00fctzen ihre nat\u00fcrliche Balance.<br \/>\nDas Ringelblumen Pflege-\u00d6l-Extrakt in Bio-Oliven\u00f6l bildet die Basis und sorgt f\u00fcr eine sanfte, reichhaltige Pflege. Wertvolle Kakaobutter, Jojoba\u00f6l und Jasminwachs tragen zur Geschmeidigkeit bei und bewahren die Haut vor dem Austrocknen. Das Isl\u00e4ndisch Moos Fichtenharz Pflege\u00f6l und Isl\u00e4ndisch Moos Gel sind f\u00fcr ihre traditionelle Verwendung in der Hautpflege bekannt und k\u00f6nnen das Wohlbefinden beanspruchter Haut unterst\u00fctzen und f\u00fcr ein ebenm\u00e4\u00dfiges Hautgef\u00fchl sorgen. Rosenhydrolat verleiht dem Serum eine erfrischende, leichte Komponente.<br \/>\n\u00c4therisches Lavendel\u00f6l und Geranium\u00f6l runden die Formulierung mit ihrem fein-blumigen, harmonischen Duft ab und schaffen eine angenehme Pflegeatmosph\u00e4re.<\/p>\n<h3>Facts<\/h3>\n<p>\u2022  Ringelblumen-Pflege: Sanftes Pflege\u00f6l-Extrakt in Bio-Oliven\u00f6l als Basis<br \/>\n\u2022   Nat\u00fcrliche Fette &#038; Wachse: Mit Kakaobutter, Jojoba\u00f6l und Jasminwachs f\u00fcr Geschmeidigkeit<br \/>\n\u2022  Tradition &#038; Natur: Isl\u00e4ndisch Moos Gel &#038; Fichtenharz-\u00d6l ebenm\u00e4\u00dfiges, glattes  Hautgef\u00fchl<br \/>\n\u2022  Erfrischend &#038; leicht: ausgleichen belebendes Rosenhydrolat<br \/>\n\u2022  Aromatische Duftkomposition: Mit \u00e4therischem Lavendel- und Geranium\u00f6l<br \/>\n\u2022  Luftig-cremige Textur: Zieht gut ein, ohne zu beschweren<br \/>\n\u2022   100 % pflanzlich &#038; naturrein: Sorgf\u00e4ltig hergestellt, ohne k\u00fcnstliche Zus\u00e4tze<\/p>\n<h3>Anwendung<\/h3>\n<p>Das Serum eignet sich ideal f\u00fcr die t\u00e4gliche Gesichtspflege als Tages- und Nachtcreme. Es kann nach der Reinigung mit Heilmoor Seife oder Ringelblumen Orange Seife und dem Rosskastanien Rosenwasser aufgetragen werden. Durch seine leichte, luftig-cremige Textur zieht es gut ein und hinterl\u00e4sst ein angenehmes Hautgef\u00fchl.<\/p>\n<h3>Inhaltsstoffe<\/h3>\n<p>ROSA DAMASCENA FLOWER WATER<br \/>\nOLEA EUROPAEA FRUIT OIL CALENDULA OFFICINALIS FLOWER<br \/>\nEXTRACT (Ringelblumen \u00d6l Extrakt)<br \/>\nTHEOBROMA CACAO SEED BUTTER  (Kakaobutter)<br \/>\nSIMMONDSIA CHINENSIS SEED OIL (Jojoba\u00f6l)<br \/>\nAQUA CETRARIA ISLANDICA EXTRACT (Isl\u00e4ndisch Moos Gel)<br \/>\nSIMMONDSIA CHINENSIS SEED OIL PICEA ABIES RESIN CETRARIA ISLANDICA EXTRACT (Isl\u00e4ndisch Moos Fichtenharz \u00d6l Extrakt)<br \/>\nBENZYL ALCOHOL DEHYDROACETIC ACID<br \/>\nMETHYL GLUCOSE SESQUISTEARATE<br \/>\nCETYL ALCOHOL<br \/>\nJASMINUM GRANDIFLORUM FLOWER CERA<br \/>\nGLYCERYL STEARATE GLYCERYL STEARATE CITRATE<br \/>\nLAVANDULA ANGUSTIFOLIA OIL LINALYL ACETATE LINALOOL BETA-CARYOPHYLLENE CAMPHOR LIMONENE GERANIOL (Bio \u00e4therisches Lavendel \u00d6l)<br \/>\nPELARGONIUM GRAVEOLENS FLOWER OIL CITRONELLOL GERANIOL LINALOOL BETA-CARYOPHYLLENE CITRAL ALPHA-TERPINEOL LIMONENE (Bio \u00e4therisches Geranium \u00d6l)<\/p>","protected":false},"excerpt":{"rendered":"<p>Sanft und n\u00e4hrend-Ringelblume, Natur\u00f6le &#038; Rose \u2013luftig-cremige Textur f\u00fcr Feuchtigkeit, ebenm\u00e4\u00dfiges, glattes Hautgef\u00fchl<\/p>","protected":false},"featured_media":10414,"template":"","meta":{"_kad_blocks_custom_css":"","_kad_blocks_head_custom_js":"","_kad_blocks_body_custom_js":"","_kad_blocks_footer_custom_js":"","_kad_post_transparent":"","_kad_post_title":"","_kad_post_layout":"","_kad_post_sidebar_id":"","_kad_post_content_style":"","_kad_post_vertical_padding":"","_kad_post_feature":"","_kad_post_feature_position":"","_kad_post_header":false,"_kad_post_footer":false,"_kad_post_classname":""},"product_brand":[],"product_cat":[99],"product_tag":[],"class_list":{"0":"post-10334","1":"product","2":"type-product","3":"status-publish","4":"has-post-thumbnail","6":"product_cat-bio-naturkosmetik","8":"first","9":"instock","10":"taxable","11":"shipping-taxable","12":"purchasable","13":"product-type-simple","14":"entry","15":"content-bg","16":"loop-entry"},"taxonomy_info":{"product_cat":[{"value":99,"label":"BIO Naturkosmetik"}]},"featured_image_src_large":["https:\/\/staging.somo-naturwaren.com\/wp-content\/uploads\/2026\/04\/9120124850914.jpg",1000,1000,false],"author_info":[],"comment_info":"","_links":{"self":[{"href":"https:\/\/staging.somo-naturwaren.com\/en\/wp-json\/wp\/v2\/product\/10334","targetHints":{"allow":["GET"]}}],"collection":[{"href":"https:\/\/staging.somo-naturwaren.com\/en\/wp-json\/wp\/v2\/product"}],"about":[{"href":"https:\/\/staging.somo-naturwaren.com\/en\/wp-json\/wp\/v2\/types\/product"}],"wp:featuredmedia":[{"embeddable":true,"href":"https:\/\/staging.somo-naturwaren.com\/en\/wp-json\/wp\/v2\/media\/10414"}],"wp:attachment":[{"href":"https:\/\/staging.somo-naturwaren.com\/en\/wp-json\/wp\/v2\/media?parent=10334"}],"wp:term":[{"taxonomy":"product_brand","embeddable":true,"href":"https:\/\/staging.somo-naturwaren.com\/en\/wp-json\/wp\/v2\/product_brand?post=10334"},{"taxonomy":"product_cat","embeddable":true,"href":"https:\/\/staging.somo-naturwaren.com\/en\/wp-json\/wp\/v2\/product_cat?post=10334"},{"taxonomy":"product_tag","embeddable":true,"href":"https:\/\/staging.somo-naturwaren.com\/en\/wp-json\/wp\/v2\/product_tag?post=10334"}],"curies":[{"name":"wp","href":"https:\/\/api.w.org\/{rel}","templated":true}]}}