{"id":9083,"date":"2024-09-02T13:59:52","date_gmt":"2024-09-02T11:59:52","guid":{"rendered":"https:\/\/somo-naturwaren.com\/?post_type=product&#038;p=9083"},"modified":"2025-08-30T09:04:28","modified_gmt":"2025-08-30T07:04:28","slug":"bio-zinnkraut-vogelmiere-oel-extrakt-100ml","status":"publish","type":"product","link":"https:\/\/staging.somo-naturwaren.com\/en\/product\/bio-zinnkraut-vogelmiere-oel-extrakt-100ml\/","title":{"rendered":"Bio Zinnkraut Vogelmiere Pflege \u00d6l Extrakt 100ml"},"content":{"rendered":"<p>Zinnkraut Vogelmiere Pflege \u00d6l \u00a0Extrakt in Bio Oliven\u00f6l, duftet arttypisch krautig. Es versorgt deine Haut in Gesicht und K\u00f6rper mit Feuchtigkeit, durch den hohen Anteil an Kiesels\u00e4ure kann es unterst\u00fctzend bindegewebsstraffend, Antioxidativ und anregend f\u00fcr die Zellneubildung wirken.<\/p>\n<p>F\u00fcr deine t\u00e4gliche Anwendung, nach dem Duschen oder Baden auf deine noch feuchten K\u00f6rperstellen und Haarspitzen einmassieren. 250ml Milch mit 10ml Pflege \u00d6l Extrakt dein Badewasser verfeinern, danach mit dem Handtuch abtupfen. Es wird zur Pflege von Haar, Gesicht und K\u00f6rper eingesetzt. Besonders wertvoll zur Anwendung als Massage\u00f6l.<\/p>","protected":false},"excerpt":{"rendered":"<p>Zinnkraut Vogelmiere Pflege \u00d6l \u00a0Extrakt in Bio Oliven\u00f6l, duftet arttypisch krautig. Es versorgt deine Haut in Gesicht und K\u00f6rper mit Feuchtigkeit, durch den hohen Anteil an Kiesels\u00e4ure kann es unterst\u00fctzend&#8230;<\/p>","protected":false},"featured_media":9512,"template":"","meta":{"_kad_blocks_custom_css":"","_kad_blocks_head_custom_js":"","_kad_blocks_body_custom_js":"","_kad_blocks_footer_custom_js":"","_kad_post_transparent":"","_kad_post_title":"","_kad_post_layout":"","_kad_post_sidebar_id":"","_kad_post_content_style":"","_kad_post_vertical_padding":"","_kad_post_feature":"","_kad_post_feature_position":"","_kad_post_header":false,"_kad_post_footer":false,"_kad_post_classname":""},"product_brand":[],"product_cat":[21,46,43,45,81,48],"product_tag":[],"class_list":{"0":"post-9083","1":"product","2":"type-product","3":"status-publish","4":"has-post-thumbnail","6":"product_cat-kinder","7":"product_cat-koerperpflege","8":"product_cat-naturwaren","9":"product_cat-oele","10":"product_cat-unkategorisiert","11":"product_cat-vegan","13":"first","14":"instock","15":"taxable","16":"shipping-taxable","17":"purchasable","18":"product-type-simple","19":"entry","20":"content-bg","21":"loop-entry"},"taxonomy_info":{"product_cat":[{"value":21,"label":"Kinder"},{"value":46,"label":"K\u00f6rperpflege"},{"value":43,"label":"Naturwaren"},{"value":45,"label":"\u00d6le"},{"value":81,"label":"Unkategorisiert"},{"value":48,"label":"VEGAN"}]},"featured_image_src_large":["https:\/\/staging.somo-naturwaren.com\/wp-content\/uploads\/2024\/09\/Zinnkraut_Pflegeoel_1000x1000px_300dpi_2025.jpg",1000,1000,false],"author_info":[],"comment_info":"","_links":{"self":[{"href":"https:\/\/staging.somo-naturwaren.com\/en\/wp-json\/wp\/v2\/product\/9083","targetHints":{"allow":["GET"]}}],"collection":[{"href":"https:\/\/staging.somo-naturwaren.com\/en\/wp-json\/wp\/v2\/product"}],"about":[{"href":"https:\/\/staging.somo-naturwaren.com\/en\/wp-json\/wp\/v2\/types\/product"}],"wp:featuredmedia":[{"embeddable":true,"href":"https:\/\/staging.somo-naturwaren.com\/en\/wp-json\/wp\/v2\/media\/9512"}],"wp:attachment":[{"href":"https:\/\/staging.somo-naturwaren.com\/en\/wp-json\/wp\/v2\/media?parent=9083"}],"wp:term":[{"taxonomy":"product_brand","embeddable":true,"href":"https:\/\/staging.somo-naturwaren.com\/en\/wp-json\/wp\/v2\/product_brand?post=9083"},{"taxonomy":"product_cat","embeddable":true,"href":"https:\/\/staging.somo-naturwaren.com\/en\/wp-json\/wp\/v2\/product_cat?post=9083"},{"taxonomy":"product_tag","embeddable":true,"href":"https:\/\/staging.somo-naturwaren.com\/en\/wp-json\/wp\/v2\/product_tag?post=9083"}],"curies":[{"name":"wp","href":"https:\/\/api.w.org\/{rel}","templated":true}]}}